{"id":3299,"date":"2024-04-01T12:19:21","date_gmt":"2024-04-01T18:19:21","guid":{"rendered":"https:\/\/www.toothdoctorarizona.com\/?page_id=3299"},"modified":"2025-08-26T18:32:48","modified_gmt":"2025-08-27T00:32:48","slug":"dentista-general-para-ninos","status":"publish","type":"page","link":"https:\/\/www.toothdoctorarizona.com\/es\/services\/general-dentist-for-children\/","title":{"rendered":"Dentista General para Ni\u00f1os"},"content":{"rendered":"<h2>Dentista General para Ni\u00f1os en Mesa, AZ<\/h2>\n<p>What is a general dentist? A general dentist earns either a DDS or DMD degree before becoming licensed to practice. This education includes learning about a wide array of oral health diagnoses and treatments for both children and adults. Our dedicated team of children\u2019s general dentists and hygienists invests in relationships with our young patients and their parents. It\u2019s all part of what we call the Kidsperience. We will partner with you to help your kiddos learn how to make daily dental hygiene a fun, rewarding, and regular routine. Not only will these habits empower your child to deter tooth decay and gum disease now, but we know that children who are taught to practice good oral health are prepared to grow into adults who prioritize oral health. That is why our mission statement is to create healthy habits that last a lifetime. The investment you make today will pay off throughout your children\u2019s lives!<\/p>\n<blockquote>\n<h5><em> <img loading=\"lazy\" decoding=\"async\" class=\"alignnone wp-image-3764\" src=\"https:\/\/www.toothdoctorarizona.com\/wp-content\/uploads\/2024\/07\/lightbulb.png\" alt=\"\" width=\"35\" height=\"35\" srcset=\"https:\/\/www.toothdoctorarizona.com\/wp-content\/uploads\/2024\/07\/lightbulb.png 64w, https:\/\/www.toothdoctorarizona.com\/wp-content\/uploads\/2024\/07\/lightbulb-12x12.png 12w\" sizes=\"(max-width: 35px) 100vw, 35px\" \/>\u00bfSAB\u00cdAS QU\u00c9? <\/em><\/h5>\n<p>La primera mujer dentista se licenci\u00f3 en 1866. Adem\u00e1s de ser dentista, la Dra. Lucy Hobbs tambi\u00e9n era maestra de escuela y le encantaba cuidar a los ni\u00f1os.<\/p><\/blockquote>\n<h2>Cu\u00e1ndo concertar una cita con el dentista general de su hijo<\/h2>\n<p>\u00bfCon qu\u00e9 frecuencia debe acudir su hijo al dentista? Dos veces al a\u00f1o. <a href=\"\/es\/servicios\/cuidado-dental-preventivo\/examenes-dentales-para-ninos\/\">Las revisiones<\/a> y <a href=\"\/es\/servicios\/cuidado-dental-preventivo\/limpiezas-dentales-para-ninos\/\">limpiezas semestrales<\/a> are important because they allow us to monitor a patient\u2019s oral health, including dental, orthodontic, and periodontal (gum) health. With x-rays and exams, also known as checkups, your child\u2019s dentist will develop a plan to restore any damage. Along with six-month checkups, your kids need a professional dental cleaning every six months. A dental cleaning involves the hygienist inspecting gum tissue for signs of gingivitis (gum disease) and removing all plaque, tartar, and debris from your child\u2019s teeth. Since hormones, diet, and daily oral hygiene habits influence gum health, kids are at risk for developing gingivitis. Symptoms include redness and swelling of the gums, persistent bad breath, and gums bleeding during brushing and flossing. If these symptoms develop, you should schedule a visit so that we can make an accurate diagnosis and provide treatment. Here are reasons to schedule a general dentist visit for your kiddo:<\/p>\n<ul>\n<li>Limpieza y examen semestral<\/li>\n<li>Observa anomal\u00edas en el desarrollo de los dientes o en la salud bucodental<\/li>\n<li>Presencias s\u00edntomas de gingivitis<\/li>\n<li>Su hijo se queja de dolor de muelas<\/li>\n<li>Seguir un plan de tratamiento<\/li>\n<\/ul>\n<h2>Qu\u00e9 esperar de la visita al dentista de su hijo<\/h2>\n<p>Desde el momento de programar la cita de su hijo, usted experimentar\u00e1 nuestra dedicaci\u00f3n a dar la bienvenida, alentar e informar a nuestros pacientes y padres. Nuestro Mesa, AZ, oficina dental de los ni\u00f1os est\u00e1 equipada con actividades divertidas y decoradas para hacer que sus peque\u00f1os se sientan importantes.<\/p>\n<ul>\n<li><strong>PREP\u00c1RESE:<\/strong> Aseg\u00farese de traer su tarjeta de seguro, identificaci\u00f3n y cualquier registro dental que tenga a mano a la cita inicial. Completar nuestros formularios de registro en l\u00ednea le ahorrar\u00e1 tiempo durante la visita. Tenga en cuenta que aceptamos la mayor\u00eda de los principales seguros, as\u00ed como Medicaid.<\/li>\n<li><strong>EXPERIENCIA:<\/strong>\u00a0 La visita al dentista de su hijo est\u00e1 dise\u00f1ada para ser una experiencia positiva y atractiva, a la que llamamos Kidsperience. Animamos a los padres a que hagan preguntas y compartan sus inquietudes con el dentista general para que podamos personalizar la atenci\u00f3n de su hijo. Nuestro equipo se dedica a brindar atenci\u00f3n y educaci\u00f3n dental utilizando estrategias apropiadas para la edad para garantizar la mejor Kidsperience posible.<\/li>\n<li><strong>ANTES DEL ADI\u00d3S:<\/strong> Antes de salir de la visita, el dentista le explicar\u00e1 sus hallazgos y le presentar\u00e1 las opciones de tratamiento, si fuera necesario. Nuestro especialista en seguros le explicar\u00e1 la cobertura de su hijo y los gastos de su bolsillo. A continuaci\u00f3n, puede programar visitas de seguimiento si su hijo necesita tratamiento.<\/li>\n<\/ul>\n<h2>Programe hoy mismo la cita con el dentista de su hijo<\/h2>\n<p>Para la mejor Kidsperience en Mesa, AZ, llame hoy para programar la visita dental de su hijo con nuestro personal de habla Ingl\u00e9s y Espa\u00f1ol. Nuestra oficina est\u00e1 dise\u00f1ada para deleitar y animar a los ni\u00f1os y los padres. \u00a1Podemos proporcionar un alcance completo de la atenci\u00f3n dental apropiada para la edad y la educaci\u00f3n de sus peque\u00f1os favoritos!<\/p>","protected":false},"excerpt":{"rendered":"<p>General Dentist for Children in Mesa, AZ What is a general dentist? A general dentist earns either a DDS or DMD degree before becoming licensed to practice. This education includes learning about a wide array of oral health diagnoses and treatments for both children and adults. Our dedicated team of children\u2019s general dentists and hygienists [&hellip;]<\/p>\n","protected":false},"author":2,"featured_media":3307,"parent":45,"menu_order":0,"comment_status":"closed","ping_status":"closed","template":"","meta":{"_et_pb_use_builder":"off","_et_pb_old_content":"","_et_gb_content_width":"","_monsterinsights_skip_tracking":false,"_monsterinsights_sitenote_active":false,"_monsterinsights_sitenote_note":"","_monsterinsights_sitenote_category":0,"footnotes":""},"class_list":["post-3299","page","type-page","status-publish","has-post-thumbnail","hentry"],"aioseo_notices":[],"aioseo_head":"\n\t\t<!-- All in One SEO Pro 4.9.6.2 - aioseo.com -->\n\t<meta name=\"description\" content=\"The general dentists at A Tooth Doctor for Kids will work diligently to help your child enjoy a beautiful smile, comfortable oral function, and excellent oral health.\" \/>\n\t<meta name=\"robots\" content=\"max-image-preview:large\" \/>\n\t<meta name=\"google-site-verification\" content=\"-5s2jiUJdWncVlgD8tuLREdO_uOQM-5mOwJvzw3vyvE\" \/>\n\t<link rel=\"canonical\" href=\"https:\/\/www.toothdoctorarizona.com\/es\/services\/general-dentist-for-children\/\" \/>\n\t<meta name=\"generator\" content=\"All in One SEO Pro (AIOSEO) 4.9.6.2\" \/>\n\t\t<meta property=\"og:locale\" content=\"es_MX\" \/>\n\t\t<meta property=\"og:site_name\" content=\"A Tooth Doctor for Kids | Our dental office is devoted to serving our community and ensuring everyone has affordable access to dental care. We have several payment options available in addition to dental insurance, including Medicaid and CareCredit.\" \/>\n\t\t<meta property=\"og:type\" content=\"company\" \/>\n\t\t<meta property=\"og:title\" content=\"General Dentist for Children in Mesa | A Tooth Doctor for Kids\" \/>\n\t\t<meta property=\"og:description\" content=\"The general dentists at A Tooth Doctor for Kids will work diligently to help your child enjoy a beautiful smile, comfortable oral function, and excellent oral health.\" \/>\n\t\t<meta property=\"og:url\" content=\"https:\/\/www.toothdoctorarizona.com\/es\/services\/general-dentist-for-children\/\" \/>\n\t\t<meta property=\"og:image\" content=\"https:\/\/www.toothdoctorarizona.com\/wp-content\/uploads\/2024\/04\/MotherandSonOutdoors.jpg\" \/>\n\t\t<meta property=\"og:image:secure_url\" content=\"https:\/\/www.toothdoctorarizona.com\/wp-content\/uploads\/2024\/04\/MotherandSonOutdoors.jpg\" \/>\n\t\t<meta property=\"og:image:width\" content=\"600\" \/>\n\t\t<meta property=\"og:image:height\" content=\"600\" \/>\n\t\t<meta name=\"twitter:card\" content=\"summary_large_image\" \/>\n\t\t<meta name=\"twitter:title\" content=\"General Dentist for Children in Mesa | A Tooth Doctor for Kids\" \/>\n\t\t<meta name=\"twitter:description\" content=\"The general dentists at A Tooth Doctor for Kids will work diligently to help your child enjoy a beautiful smile, comfortable oral function, and excellent oral health.\" \/>\n\t\t<meta name=\"twitter:image\" content=\"https:\/\/www.toothdoctorarizona.com\/wp-content\/uploads\/2024\/09\/tdfkAZ-1.webp\" \/>\n\t\t<script type=\"application\/ld+json\" class=\"aioseo-schema\">\n\t\t\t{\"@context\":\"https:\\\/\\\/schema.org\",\"@graph\":[{\"@type\":\"BreadcrumbList\",\"@id\":\"https:\\\/\\\/www.toothdoctorarizona.com\\\/es\\\/services\\\/general-dentist-for-children\\\/#breadcrumblist\",\"itemListElement\":[{\"@type\":\"ListItem\",\"@id\":\"https:\\\/\\\/www.toothdoctorarizona.com\\\/es#listItem\",\"position\":1,\"name\":\"Home\",\"item\":\"https:\\\/\\\/www.toothdoctorarizona.com\\\/es\",\"nextItem\":{\"@type\":\"ListItem\",\"@id\":\"https:\\\/\\\/www.toothdoctorarizona.com\\\/es\\\/services\\\/#listItem\",\"name\":\"Services\"}},{\"@type\":\"ListItem\",\"@id\":\"https:\\\/\\\/www.toothdoctorarizona.com\\\/es\\\/services\\\/#listItem\",\"position\":2,\"name\":\"Services\",\"item\":\"https:\\\/\\\/www.toothdoctorarizona.com\\\/es\\\/services\\\/\",\"nextItem\":{\"@type\":\"ListItem\",\"@id\":\"https:\\\/\\\/www.toothdoctorarizona.com\\\/es\\\/services\\\/general-dentist-for-children\\\/#listItem\",\"name\":\"General Dentist for Children\"},\"previousItem\":{\"@type\":\"ListItem\",\"@id\":\"https:\\\/\\\/www.toothdoctorarizona.com\\\/es#listItem\",\"name\":\"Home\"}},{\"@type\":\"ListItem\",\"@id\":\"https:\\\/\\\/www.toothdoctorarizona.com\\\/es\\\/services\\\/general-dentist-for-children\\\/#listItem\",\"position\":3,\"name\":\"General Dentist for Children\",\"previousItem\":{\"@type\":\"ListItem\",\"@id\":\"https:\\\/\\\/www.toothdoctorarizona.com\\\/es\\\/services\\\/#listItem\",\"name\":\"Services\"}}]},{\"@type\":\"Organization\",\"@id\":\"https:\\\/\\\/www.toothdoctorarizona.com\\\/es\\\/#organization\",\"name\":\"A Tooth Doctor for Kids\",\"description\":\"Our dental office is devoted to serving our community and ensuring everyone has affordable access to dental care. We have several payment options available in addition to dental insurance, including Medicaid and CareCredit.\",\"url\":\"https:\\\/\\\/www.toothdoctorarizona.com\\\/es\\\/\",\"email\":\"atduniversity@aztoothdoctor.com\",\"telephone\":\"+14807257873\",\"logo\":{\"@type\":\"ImageObject\",\"url\":\"https:\\\/\\\/www.toothdoctorarizona.com\\\/wp-content\\\/uploads\\\/2024\\\/09\\\/tdfkAZ-1.webp\",\"@id\":\"https:\\\/\\\/www.toothdoctorarizona.com\\\/es\\\/services\\\/general-dentist-for-children\\\/#organizationLogo\",\"width\":480,\"height\":260},\"image\":{\"@id\":\"https:\\\/\\\/www.toothdoctorarizona.com\\\/es\\\/services\\\/general-dentist-for-children\\\/#organizationLogo\"},\"address\":{\"@id\":\"https:\\\/\\\/www.toothdoctorarizona.com\\\/es\\\/#postaladdress\",\"@type\":\"PostalAddress\",\"streetAddress\":\"829 E. University Dr.,\",\"postalCode\":\"85203\",\"addressLocality\":\"Mesa\",\"addressRegion\":\"Arizona\",\"addressCountry\":\"US\"}},{\"@type\":\"WebPage\",\"@id\":\"https:\\\/\\\/www.toothdoctorarizona.com\\\/es\\\/services\\\/general-dentist-for-children\\\/#webpage\",\"url\":\"https:\\\/\\\/www.toothdoctorarizona.com\\\/es\\\/services\\\/general-dentist-for-children\\\/\",\"name\":\"General Dentist for Children in Mesa | A Tooth Doctor for Kids\",\"description\":\"The general dentists at A Tooth Doctor for Kids will work diligently to help your child enjoy a beautiful smile, comfortable oral function, and excellent oral health.\",\"inLanguage\":\"es-MX\",\"isPartOf\":{\"@id\":\"https:\\\/\\\/www.toothdoctorarizona.com\\\/es\\\/#website\"},\"breadcrumb\":{\"@id\":\"https:\\\/\\\/www.toothdoctorarizona.com\\\/es\\\/services\\\/general-dentist-for-children\\\/#breadcrumblist\"},\"image\":{\"@type\":\"ImageObject\",\"url\":\"https:\\\/\\\/www.toothdoctorarizona.com\\\/wp-content\\\/uploads\\\/2024\\\/04\\\/MotherandSonOutdoors.jpg\",\"@id\":\"https:\\\/\\\/www.toothdoctorarizona.com\\\/es\\\/services\\\/general-dentist-for-children\\\/#mainImage\",\"width\":600,\"height\":600,\"caption\":\"Mother with young son outdoors\"},\"primaryImageOfPage\":{\"@id\":\"https:\\\/\\\/www.toothdoctorarizona.com\\\/es\\\/services\\\/general-dentist-for-children\\\/#mainImage\"},\"datePublished\":\"2024-04-01T12:19:21-06:00\",\"dateModified\":\"2025-08-26T18:32:48-06:00\"},{\"@type\":\"WebSite\",\"@id\":\"https:\\\/\\\/www.toothdoctorarizona.com\\\/es\\\/#website\",\"url\":\"https:\\\/\\\/www.toothdoctorarizona.com\\\/es\\\/\",\"name\":\"A Tooth Doctor for Kids\",\"alternateName\":\"A Tooth Doctor for Kids\",\"description\":\"Our dental office is devoted to serving our community and ensuring everyone has affordable access to dental care. We have several payment options available in addition to dental insurance, including Medicaid and CareCredit.\",\"inLanguage\":\"es-MX\",\"publisher\":{\"@id\":\"https:\\\/\\\/www.toothdoctorarizona.com\\\/es\\\/#organization\"}}]}\n\t\t<\/script>\n\t\t<!-- All in One SEO Pro -->\r\n\t\t<title>General Dentist for Children in Mesa | A Tooth Doctor for Kids<\/title>\n\n","aioseo_head_json":{"title":"Dentista General para Ni\u00f1os en Mesa | A Tooth Doctor for Kids","description":"Los dentistas generales en A Tooth Doctor for Kids trabajar\u00e1 con diligencia para ayudar a su hijo a disfrutar de una hermosa sonrisa, la funci\u00f3n oral c\u00f3modo, y una excelente salud oral.","canonical_url":"https:\/\/www.toothdoctorarizona.com\/es\/services\/general-dentist-for-children\/","robots":"max-image-preview:large","keywords":"","webmasterTools":{"google-site-verification":"-5s2jiUJdWncVlgD8tuLREdO_uOQM-5mOwJvzw3vyvE","miscellaneous":""},"schema":{"@context":"https:\/\/schema.org","@graph":[{"@type":"BreadcrumbList","@id":"https:\/\/www.toothdoctorarizona.com\/es\/services\/general-dentist-for-children\/#breadcrumblist","itemListElement":[{"@type":"ListItem","@id":"https:\/\/www.toothdoctorarizona.com\/es#listItem","position":1,"name":"Home","item":"https:\/\/www.toothdoctorarizona.com\/es","nextItem":{"@type":"ListItem","@id":"https:\/\/www.toothdoctorarizona.com\/es\/services\/#listItem","name":"Services"}},{"@type":"ListItem","@id":"https:\/\/www.toothdoctorarizona.com\/es\/services\/#listItem","position":2,"name":"Services","item":"https:\/\/www.toothdoctorarizona.com\/es\/services\/","nextItem":{"@type":"ListItem","@id":"https:\/\/www.toothdoctorarizona.com\/es\/services\/general-dentist-for-children\/#listItem","name":"General Dentist for Children"},"previousItem":{"@type":"ListItem","@id":"https:\/\/www.toothdoctorarizona.com\/es#listItem","name":"Home"}},{"@type":"ListItem","@id":"https:\/\/www.toothdoctorarizona.com\/es\/services\/general-dentist-for-children\/#listItem","position":3,"name":"General Dentist for Children","previousItem":{"@type":"ListItem","@id":"https:\/\/www.toothdoctorarizona.com\/es\/services\/#listItem","name":"Services"}}]},{"@type":"Organization","@id":"https:\/\/www.toothdoctorarizona.com\/es\/#organization","name":"A Tooth Doctor for Kids","description":"Our dental office is devoted to serving our community and ensuring everyone has affordable access to dental care. We have several payment options available in addition to dental insurance, including Medicaid and CareCredit.","url":"https:\/\/www.toothdoctorarizona.com\/es\/","email":"atduniversity@aztoothdoctor.com","telephone":"+14807257873","logo":{"@type":"ImageObject","url":"https:\/\/www.toothdoctorarizona.com\/wp-content\/uploads\/2024\/09\/tdfkAZ-1.webp","@id":"https:\/\/www.toothdoctorarizona.com\/es\/services\/general-dentist-for-children\/#organizationLogo","width":480,"height":260},"image":{"@id":"https:\/\/www.toothdoctorarizona.com\/es\/services\/general-dentist-for-children\/#organizationLogo"},"address":{"@id":"https:\/\/www.toothdoctorarizona.com\/es\/#postaladdress","@type":"PostalAddress","streetAddress":"829 E. University Dr.,","postalCode":"85203","addressLocality":"Mesa","addressRegion":"Arizona","addressCountry":"US"}},{"@type":"WebPage","@id":"https:\/\/www.toothdoctorarizona.com\/es\/services\/general-dentist-for-children\/#webpage","url":"https:\/\/www.toothdoctorarizona.com\/es\/services\/general-dentist-for-children\/","name":"General Dentist for Children in Mesa | A Tooth Doctor for Kids","description":"The general dentists at A Tooth Doctor for Kids will work diligently to help your child enjoy a beautiful smile, comfortable oral function, and excellent oral health.","inLanguage":"es-MX","isPartOf":{"@id":"https:\/\/www.toothdoctorarizona.com\/es\/#website"},"breadcrumb":{"@id":"https:\/\/www.toothdoctorarizona.com\/es\/services\/general-dentist-for-children\/#breadcrumblist"},"image":{"@type":"ImageObject","url":"https:\/\/www.toothdoctorarizona.com\/wp-content\/uploads\/2024\/04\/MotherandSonOutdoors.jpg","@id":"https:\/\/www.toothdoctorarizona.com\/es\/services\/general-dentist-for-children\/#mainImage","width":600,"height":600,"caption":"Mother with young son outdoors"},"primaryImageOfPage":{"@id":"https:\/\/www.toothdoctorarizona.com\/es\/services\/general-dentist-for-children\/#mainImage"},"datePublished":"2024-04-01T12:19:21-06:00","dateModified":"2025-08-26T18:32:48-06:00"},{"@type":"WebSite","@id":"https:\/\/www.toothdoctorarizona.com\/es\/#website","url":"https:\/\/www.toothdoctorarizona.com\/es\/","name":"A Tooth Doctor for Kids","alternateName":"A Tooth Doctor for Kids","description":"Our dental office is devoted to serving our community and ensuring everyone has affordable access to dental care. We have several payment options available in addition to dental insurance, including Medicaid and CareCredit.","inLanguage":"es-MX","publisher":{"@id":"https:\/\/www.toothdoctorarizona.com\/es\/#organization"}}]},"og:locale":"es_MX","og:site_name":"A Tooth Doctor for Kids | Our dental office is devoted to serving our community and ensuring everyone has affordable access to dental care. We have several payment options available in addition to dental insurance, including Medicaid and CareCredit.","og:type":"company","og:title":"General Dentist for Children in Mesa | A Tooth Doctor for Kids","og:description":"The general dentists at A Tooth Doctor for Kids will work diligently to help your child enjoy a beautiful smile, comfortable oral function, and excellent oral health.","og:url":"https:\/\/www.toothdoctorarizona.com\/es\/services\/general-dentist-for-children\/","og:image":"https:\/\/www.toothdoctorarizona.com\/wp-content\/uploads\/2024\/04\/MotherandSonOutdoors.jpg","og:image:secure_url":"https:\/\/www.toothdoctorarizona.com\/wp-content\/uploads\/2024\/04\/MotherandSonOutdoors.jpg","og:image:width":600,"og:image:height":600,"twitter:card":"summary_large_image","twitter:title":"General Dentist for Children in Mesa | A Tooth Doctor for Kids","twitter:description":"The general dentists at A Tooth Doctor for Kids will work diligently to help your child enjoy a beautiful smile, comfortable oral function, and excellent oral health.","twitter:image":"https:\/\/www.toothdoctorarizona.com\/wp-content\/uploads\/2024\/09\/tdfkAZ-1.webp"},"aioseo_meta_data":{"post_id":"3299","title":null,"description":null,"keywords":null,"keyphrases":{"focus":{"keyphrase":"","score":0,"analysis":{"keyphraseInTitle":{"score":0,"maxScore":9,"error":1}}},"additional":[]},"primary_term":null,"canonical_url":null,"og_title":null,"og_description":null,"og_object_type":"default","og_image_type":"default","og_image_url":null,"og_image_width":null,"og_image_height":null,"og_image_custom_url":null,"og_image_custom_fields":null,"og_video":"","og_custom_url":null,"og_article_section":null,"og_article_tags":null,"twitter_use_og":false,"twitter_card":"default","twitter_image_type":"default","twitter_image_url":null,"twitter_image_custom_url":null,"twitter_image_custom_fields":null,"twitter_title":null,"twitter_description":null,"schema":{"blockGraphs":[],"customGraphs":[],"default":{"data":{"Article":[],"Course":[],"Dataset":[],"FAQPage":[],"Movie":[],"Person":[],"Product":[],"ProductReview":[],"Car":[],"Recipe":[],"Service":[],"SoftwareApplication":[],"WebPage":[]},"graphName":"WebPage","isEnabled":true},"graphs":[]},"schema_type":"default","schema_type_options":null,"pillar_content":false,"robots_default":true,"robots_noindex":false,"robots_noarchive":false,"robots_nosnippet":false,"robots_nofollow":false,"robots_noimageindex":false,"robots_noodp":false,"robots_notranslate":false,"robots_max_snippet":"-1","robots_max_videopreview":"-1","robots_max_imagepreview":"large","priority":null,"frequency":"default","local_seo":null,"seo_analyzer_scan_date":"2025-08-27 00:33:16","breadcrumb_settings":null,"limit_modified_date":false,"open_ai":"{\"title\":{\"suggestions\":[],\"usage\":0},\"description\":{\"suggestions\":[],\"usage\":0}}","ai":{"faqs":[],"keyPoints":[],"titles":[],"descriptions":[],"socialPosts":{"email":[],"linkedin":[],"twitter":[],"facebook":[],"instagram":[]}},"created":"2024-04-01 19:11:10","updated":"2025-10-21 20:18:23"},"aioseo_breadcrumb":"<div class=\"aioseo-breadcrumbs\"><span class=\"aioseo-breadcrumb\">\n\t<a href=\"https:\/\/www.toothdoctorarizona.com\/es\" title=\"Home\">Home<\/a>\n<\/span><span class=\"aioseo-breadcrumb-separator\">&raquo;<\/span><span class=\"aioseo-breadcrumb\">\n\t<a href=\"https:\/\/www.toothdoctorarizona.com\/es\/services\/\" title=\"Services\">Services<\/a>\n<\/span><span class=\"aioseo-breadcrumb-separator\">&raquo;<\/span><span class=\"aioseo-breadcrumb\">\n\tGeneral Dentist for Children\n<\/span><\/div>","aioseo_breadcrumb_json":[{"label":"Home","link":"https:\/\/www.toothdoctorarizona.com\/es"},{"label":"Services","link":"https:\/\/www.toothdoctorarizona.com\/es\/services\/"},{"label":"General Dentist for Children","link":"https:\/\/www.toothdoctorarizona.com\/es\/services\/general-dentist-for-children\/"}],"_links":{"self":[{"href":"https:\/\/www.toothdoctorarizona.com\/es\/wp-json\/wp\/v2\/pages\/3299","targetHints":{"allow":["GET"]}}],"collection":[{"href":"https:\/\/www.toothdoctorarizona.com\/es\/wp-json\/wp\/v2\/pages"}],"about":[{"href":"https:\/\/www.toothdoctorarizona.com\/es\/wp-json\/wp\/v2\/types\/page"}],"author":[{"embeddable":true,"href":"https:\/\/www.toothdoctorarizona.com\/es\/wp-json\/wp\/v2\/users\/2"}],"replies":[{"embeddable":true,"href":"https:\/\/www.toothdoctorarizona.com\/es\/wp-json\/wp\/v2\/comments?post=3299"}],"version-history":[{"count":0,"href":"https:\/\/www.toothdoctorarizona.com\/es\/wp-json\/wp\/v2\/pages\/3299\/revisions"}],"up":[{"embeddable":true,"href":"https:\/\/www.toothdoctorarizona.com\/es\/wp-json\/wp\/v2\/pages\/45"}],"wp:featuredmedia":[{"embeddable":true,"href":"https:\/\/www.toothdoctorarizona.com\/es\/wp-json\/wp\/v2\/media\/3307"}],"wp:attachment":[{"href":"https:\/\/www.toothdoctorarizona.com\/es\/wp-json\/wp\/v2\/media?parent=3299"}],"curies":[{"name":"wp","href":"https:\/\/api.w.org\/{rel}","templated":true}]}}